{"id":272,"date":"2023-12-21T19:12:34","date_gmt":"2023-12-21T22:12:34","guid":{"rendered":"https:\/\/perfilmax.com.br\/?page_id=272"},"modified":"2023-12-21T19:57:23","modified_gmt":"2023-12-21T22:57:23","slug":"vidros-laqueados","status":"publish","type":"page","link":"https:\/\/perfilmax.com.br\/?page_id=272","title":{"rendered":"Vidros laqueados"},"content":{"rendered":"\t\t<div data-elementor-type=\"wp-page\" data-elementor-id=\"272\" class=\"elementor elementor-272\">\n\t\t\t\t\t\t\t\t\t<section class=\"elementor-section elementor-top-section elementor-element elementor-element-6ae5bc8 elementor-section-boxed elementor-section-height-default elementor-section-height-default\" data-id=\"6ae5bc8\" data-element_type=\"section\" data-settings=\"{&quot;background_background&quot;:&quot;classic&quot;}\">\n\t\t\t\t\t\t<div class=\"elementor-container elementor-column-gap-default\">\n\t\t\t\t\t<div class=\"elementor-column elementor-col-100 elementor-top-column elementor-element elementor-element-bced830\" data-id=\"bced830\" data-element_type=\"column\">\n\t\t\t<div class=\"elementor-widget-wrap elementor-element-populated\">\n\t\t\t\t\t\t\t\t<div class=\"elementor-element elementor-element-ef3f787 elementor-widget elementor-widget-heading\" data-id=\"ef3f787\" data-element_type=\"widget\" data-widget_type=\"heading.default\">\n\t\t\t\t<div class=\"elementor-widget-container\">\n\t\t\t<style>\/*! elementor - v3.18.0 - 20-12-2023 *\/\n.elementor-heading-title{padding:0;margin:0;line-height:1}.elementor-widget-heading .elementor-heading-title[class*=elementor-size-]>a{color:inherit;font-size:inherit;line-height:inherit}.elementor-widget-heading .elementor-heading-title.elementor-size-small{font-size:15px}.elementor-widget-heading .elementor-heading-title.elementor-size-medium{font-size:19px}.elementor-widget-heading .elementor-heading-title.elementor-size-large{font-size:29px}.elementor-widget-heading .elementor-heading-title.elementor-size-xl{font-size:39px}.elementor-widget-heading .elementor-heading-title.elementor-size-xxl{font-size:59px}<\/style><h2 class=\"elementor-heading-title elementor-size-default\"><b>VIDROS <\/b>LAQUEADOS<\/h2>\t\t<\/div>\n\t\t\t\t<\/div>\n\t\t\t\t<div class=\"elementor-element elementor-element-896a83b elementor-widget elementor-widget-spacer\" data-id=\"896a83b\" data-element_type=\"widget\" data-widget_type=\"spacer.default\">\n\t\t\t\t<div class=\"elementor-widget-container\">\n\t\t\t<style>\/*! elementor - v3.18.0 - 20-12-2023 *\/\n.elementor-column .elementor-spacer-inner{height:var(--spacer-size)}.e-con{--container-widget-width:100%}.e-con-inner>.elementor-widget-spacer,.e-con>.elementor-widget-spacer{width:var(--container-widget-width,var(--spacer-size));--align-self:var(--container-widget-align-self,initial);--flex-shrink:0}.e-con-inner>.elementor-widget-spacer>.elementor-widget-container,.e-con>.elementor-widget-spacer>.elementor-widget-container{height:100%;width:100%}.e-con-inner>.elementor-widget-spacer>.elementor-widget-container>.elementor-spacer,.e-con>.elementor-widget-spacer>.elementor-widget-container>.elementor-spacer{height:100%}.e-con-inner>.elementor-widget-spacer>.elementor-widget-container>.elementor-spacer>.elementor-spacer-inner,.e-con>.elementor-widget-spacer>.elementor-widget-container>.elementor-spacer>.elementor-spacer-inner{height:var(--container-widget-height,var(--spacer-size))}.e-con-inner>.elementor-widget-spacer.elementor-widget-empty,.e-con>.elementor-widget-spacer.elementor-widget-empty{position:relative;min-height:22px;min-width:22px}.e-con-inner>.elementor-widget-spacer.elementor-widget-empty .elementor-widget-empty-icon,.e-con>.elementor-widget-spacer.elementor-widget-empty .elementor-widget-empty-icon{position:absolute;top:0;bottom:0;left:0;right:0;margin:auto;padding:0;width:22px;height:22px}<\/style>\t\t<div class=\"elementor-spacer\">\n\t\t\t<div class=\"elementor-spacer-inner\"><\/div>\n\t\t<\/div>\n\t\t\t\t<\/div>\n\t\t\t\t<\/div>\n\t\t\t\t\t<\/div>\n\t\t<\/div>\n\t\t\t\t\t\t\t<\/div>\n\t\t<\/section>\n\t\t\t\t<section class=\"elementor-section elementor-top-section elementor-element elementor-element-146151b elementor-section-boxed elementor-section-height-default elementor-section-height-default\" data-id=\"146151b\" data-element_type=\"section\">\n\t\t\t\t\t\t<div class=\"elementor-container elementor-column-gap-default\">\n\t\t\t\t\t<div class=\"elementor-column elementor-col-100 elementor-top-column elementor-element elementor-element-ec79da2\" data-id=\"ec79da2\" data-element_type=\"column\">\n\t\t\t<div class=\"elementor-widget-wrap\">\n\t\t\t\t\t\t\t\t\t<\/div>\n\t\t<\/div>\n\t\t\t\t\t\t\t<\/div>\n\t\t<\/section>\n\t\t\t\t<section class=\"elementor-section elementor-top-section elementor-element elementor-element-69e8891 elementor-section-boxed elementor-section-height-default elementor-section-height-default\" data-id=\"69e8891\" data-element_type=\"section\">\n\t\t\t\t\t\t<div class=\"elementor-container elementor-column-gap-default\">\n\t\t\t\t\t<div class=\"elementor-column elementor-col-100 elementor-top-column elementor-element elementor-element-89f1513\" data-id=\"89f1513\" data-element_type=\"column\">\n\t\t\t<div class=\"elementor-widget-wrap elementor-element-populated\">\n\t\t\t\t\t\t\t\t<div class=\"elementor-element elementor-element-18d6431 elementor-widget elementor-widget-heading\" data-id=\"18d6431\" data-element_type=\"widget\" data-widget_type=\"heading.default\">\n\t\t\t\t<div class=\"elementor-widget-container\">\n\t\t\t<h2 class=\"elementor-heading-title elementor-size-default\"><br><br>Os vidros laqueados s\u00e3o aqueles que recebem<br>uma camada de tinta, desde cores mais<br>b\u00e1sicas, at\u00e9 as mais coloridas.<br><br><b>Escolha a cor que combina<\/b><br><b>com o seu projeto.<\/b><br><\/h2>\t\t<\/div>\n\t\t\t\t<\/div>\n\t\t\t\t\t<\/div>\n\t\t<\/div>\n\t\t\t\t\t\t\t<\/div>\n\t\t<\/section>\n\t\t\t\t<section class=\"elementor-section elementor-top-section elementor-element elementor-element-b56e3b4 elementor-section-boxed elementor-section-height-default elementor-section-height-default\" data-id=\"b56e3b4\" data-element_type=\"section\">\n\t\t\t\t\t\t<div class=\"elementor-container elementor-column-gap-default\">\n\t\t\t\t\t<div class=\"elementor-column elementor-col-100 elementor-top-column elementor-element elementor-element-0a2d7f2\" data-id=\"0a2d7f2\" data-element_type=\"column\">\n\t\t\t<div class=\"elementor-widget-wrap elementor-element-populated\">\n\t\t\t\t\t\t\t\t<div class=\"elementor-element elementor-element-6c87574 elementor-widget elementor-widget-image\" data-id=\"6c87574\" data-element_type=\"widget\" data-widget_type=\"image.default\">\n\t\t\t\t<div class=\"elementor-widget-container\">\n\t\t\t<style>\/*! elementor - v3.18.0 - 20-12-2023 *\/\n.elementor-widget-image{text-align:center}.elementor-widget-image a{display:inline-block}.elementor-widget-image a img[src$=\".svg\"]{width:48px}.elementor-widget-image img{vertical-align:middle;display:inline-block}<\/style>\t\t\t\t\t\t\t\t\t\t\t\t<img decoding=\"async\" width=\"150\" height=\"150\" src=\"https:\/\/perfilmax.com.br\/wp-content\/uploads\/2023\/12\/Design-sem-nome-2023-12-21T195520.683-150x150.png\" class=\"attachment-thumbnail size-thumbnail wp-image-300\" alt=\"\" srcset=\"https:\/\/perfilmax.com.br\/wp-content\/uploads\/2023\/12\/Design-sem-nome-2023-12-21T195520.683-150x150.png 150w, https:\/\/perfilmax.com.br\/wp-content\/uploads\/2023\/12\/Design-sem-nome-2023-12-21T195520.683-300x300.png 300w, https:\/\/perfilmax.com.br\/wp-content\/uploads\/2023\/12\/Design-sem-nome-2023-12-21T195520.683-1024x1024.png 1024w, https:\/\/perfilmax.com.br\/wp-content\/uploads\/2023\/12\/Design-sem-nome-2023-12-21T195520.683-768x768.png 768w, https:\/\/perfilmax.com.br\/wp-content\/uploads\/2023\/12\/Design-sem-nome-2023-12-21T195520.683-1536x1536.png 1536w, https:\/\/perfilmax.com.br\/wp-content\/uploads\/2023\/12\/Design-sem-nome-2023-12-21T195520.683-2048x2048.png 2048w\" sizes=\"(max-width: 150px) 100vw, 150px\" \/>\t\t\t\t\t\t\t\t\t\t\t\t\t\t\t<\/div>\n\t\t\t\t<\/div>\n\t\t\t\t\t<\/div>\n\t\t<\/div>\n\t\t\t\t\t\t\t<\/div>\n\t\t<\/section>\n\t\t\t\t<section class=\"elementor-section elementor-top-section elementor-element elementor-element-f68813e elementor-section-boxed elementor-section-height-default elementor-section-height-default\" data-id=\"f68813e\" data-element_type=\"section\">\n\t\t\t\t\t\t<div class=\"elementor-container elementor-column-gap-default\">\n\t\t\t\t\t<div class=\"elementor-column elementor-col-100 elementor-top-column elementor-element elementor-element-94b3483\" data-id=\"94b3483\" data-element_type=\"column\">\n\t\t\t<div class=\"elementor-widget-wrap elementor-element-populated\">\n\t\t\t\t\t\t\t\t<div class=\"elementor-element elementor-element-b620768 gallery-spacing-custom elementor-widget elementor-widget-image-gallery\" data-id=\"b620768\" data-element_type=\"widget\" data-widget_type=\"image-gallery.default\">\n\t\t\t\t<div class=\"elementor-widget-container\">\n\t\t\t<style>\/*! elementor - v3.18.0 - 20-12-2023 *\/\n.elementor-image-gallery .gallery-item{display:inline-block;text-align:center;vertical-align:top;width:100%;max-width:100%;margin:0 auto}.elementor-image-gallery .gallery-item img{margin:0 auto}.elementor-image-gallery .gallery-item .gallery-caption{margin:0}.elementor-image-gallery figure img{display:block}.elementor-image-gallery figure figcaption{width:100%}.gallery-spacing-custom .elementor-image-gallery .gallery-icon{padding:0}@media (min-width:768px){.elementor-image-gallery .gallery-columns-2 .gallery-item{max-width:50%}.elementor-image-gallery .gallery-columns-3 .gallery-item{max-width:33.33%}.elementor-image-gallery .gallery-columns-4 .gallery-item{max-width:25%}.elementor-image-gallery .gallery-columns-5 .gallery-item{max-width:20%}.elementor-image-gallery .gallery-columns-6 .gallery-item{max-width:16.666%}.elementor-image-gallery .gallery-columns-7 .gallery-item{max-width:14.28%}.elementor-image-gallery .gallery-columns-8 .gallery-item{max-width:12.5%}.elementor-image-gallery .gallery-columns-9 .gallery-item{max-width:11.11%}.elementor-image-gallery .gallery-columns-10 .gallery-item{max-width:10%}}@media (min-width:480px) and (max-width:767px){.elementor-image-gallery .gallery.gallery-columns-2 .gallery-item,.elementor-image-gallery .gallery.gallery-columns-3 .gallery-item,.elementor-image-gallery .gallery.gallery-columns-4 .gallery-item,.elementor-image-gallery .gallery.gallery-columns-5 .gallery-item,.elementor-image-gallery .gallery.gallery-columns-6 .gallery-item,.elementor-image-gallery .gallery.gallery-columns-7 .gallery-item,.elementor-image-gallery .gallery.gallery-columns-8 .gallery-item,.elementor-image-gallery .gallery.gallery-columns-9 .gallery-item,.elementor-image-gallery .gallery.gallery-columns-10 .gallery-item{max-width:50%}}@media (max-width:479px){.elementor-image-gallery .gallery.gallery-columns-2 .gallery-item,.elementor-image-gallery .gallery.gallery-columns-3 .gallery-item,.elementor-image-gallery .gallery.gallery-columns-4 .gallery-item,.elementor-image-gallery .gallery.gallery-columns-5 .gallery-item,.elementor-image-gallery .gallery.gallery-columns-6 .gallery-item,.elementor-image-gallery .gallery.gallery-columns-7 .gallery-item,.elementor-image-gallery .gallery.gallery-columns-8 .gallery-item,.elementor-image-gallery .gallery.gallery-columns-9 .gallery-item,.elementor-image-gallery .gallery.gallery-columns-10 .gallery-item{max-width:100%}}<\/style>\t\t<div class=\"elementor-image-gallery\">\n\t\t\t<div id='gallery-1' class='gallery galleryid-272 gallery-columns-3 gallery-size-medium'><figure class='gallery-item'>\n\t\t\t<div class='gallery-icon landscape'>\n\t\t\t\t<a data-elementor-open-lightbox=\"yes\" data-elementor-lightbox-slideshow=\"b620768\" data-elementor-lightbox-title=\"Design sem nome - 2023-12-21T194220.711\" data-e-action-hash=\"#elementor-action%3Aaction%3Dlightbox%26settings%3DeyJpZCI6Mjg2LCJ1cmwiOiJodHRwczpcL1wvcGVyZmlsbWF4LmNvbS5iclwvd3AtY29udGVudFwvdXBsb2Fkc1wvMjAyM1wvMTJcL0Rlc2lnbi1zZW0tbm9tZS0yMDIzLTEyLTIxVDE5NDIyMC43MTEucG5nIiwic2xpZGVzaG93IjoiYjYyMDc2OCJ9\" href='https:\/\/perfilmax.com.br\/wp-content\/uploads\/2023\/12\/Design-sem-nome-2023-12-21T194220.711.png'><img fetchpriority=\"high\" decoding=\"async\" width=\"300\" height=\"300\" src=\"https:\/\/perfilmax.com.br\/wp-content\/uploads\/2023\/12\/Design-sem-nome-2023-12-21T194220.711-300x300.png\" class=\"attachment-medium size-medium\" alt=\"\" srcset=\"https:\/\/perfilmax.com.br\/wp-content\/uploads\/2023\/12\/Design-sem-nome-2023-12-21T194220.711-300x300.png 300w, https:\/\/perfilmax.com.br\/wp-content\/uploads\/2023\/12\/Design-sem-nome-2023-12-21T194220.711-1024x1024.png 1024w, https:\/\/perfilmax.com.br\/wp-content\/uploads\/2023\/12\/Design-sem-nome-2023-12-21T194220.711-150x150.png 150w, https:\/\/perfilmax.com.br\/wp-content\/uploads\/2023\/12\/Design-sem-nome-2023-12-21T194220.711-768x768.png 768w, https:\/\/perfilmax.com.br\/wp-content\/uploads\/2023\/12\/Design-sem-nome-2023-12-21T194220.711-1536x1536.png 1536w, https:\/\/perfilmax.com.br\/wp-content\/uploads\/2023\/12\/Design-sem-nome-2023-12-21T194220.711-2048x2048.png 2048w\" sizes=\"(max-width: 300px) 100vw, 300px\" \/><\/a>\n\t\t\t<\/div><\/figure><figure class='gallery-item'>\n\t\t\t<div class='gallery-icon landscape'>\n\t\t\t\t<a data-elementor-open-lightbox=\"yes\" data-elementor-lightbox-slideshow=\"b620768\" data-elementor-lightbox-title=\"2(44)\" data-e-action-hash=\"#elementor-action%3Aaction%3Dlightbox%26settings%3DeyJpZCI6Mjg0LCJ1cmwiOiJodHRwczpcL1wvcGVyZmlsbWF4LmNvbS5iclwvd3AtY29udGVudFwvdXBsb2Fkc1wvMjAyM1wvMTJcLzI0NC5wbmciLCJzbGlkZXNob3ciOiJiNjIwNzY4In0%3D\" href='https:\/\/perfilmax.com.br\/wp-content\/uploads\/2023\/12\/244.png'><img decoding=\"async\" width=\"300\" height=\"300\" src=\"https:\/\/perfilmax.com.br\/wp-content\/uploads\/2023\/12\/244-300x300.png\" class=\"attachment-medium size-medium\" alt=\"\" srcset=\"https:\/\/perfilmax.com.br\/wp-content\/uploads\/2023\/12\/244-300x300.png 300w, https:\/\/perfilmax.com.br\/wp-content\/uploads\/2023\/12\/244-1024x1024.png 1024w, https:\/\/perfilmax.com.br\/wp-content\/uploads\/2023\/12\/244-150x150.png 150w, https:\/\/perfilmax.com.br\/wp-content\/uploads\/2023\/12\/244-768x768.png 768w, https:\/\/perfilmax.com.br\/wp-content\/uploads\/2023\/12\/244-1536x1536.png 1536w, https:\/\/perfilmax.com.br\/wp-content\/uploads\/2023\/12\/244-2048x2048.png 2048w\" sizes=\"(max-width: 300px) 100vw, 300px\" \/><\/a>\n\t\t\t<\/div><\/figure><figure class='gallery-item'>\n\t\t\t<div class='gallery-icon landscape'>\n\t\t\t\t<a data-elementor-open-lightbox=\"yes\" data-elementor-lightbox-slideshow=\"b620768\" data-elementor-lightbox-title=\"1(38)\" data-e-action-hash=\"#elementor-action%3Aaction%3Dlightbox%26settings%3DeyJpZCI6MjgzLCJ1cmwiOiJodHRwczpcL1wvcGVyZmlsbWF4LmNvbS5iclwvd3AtY29udGVudFwvdXBsb2Fkc1wvMjAyM1wvMTJcLzEzOC5wbmciLCJzbGlkZXNob3ciOiJiNjIwNzY4In0%3D\" href='https:\/\/perfilmax.com.br\/wp-content\/uploads\/2023\/12\/138.png'><img loading=\"lazy\" decoding=\"async\" width=\"300\" height=\"300\" src=\"https:\/\/perfilmax.com.br\/wp-content\/uploads\/2023\/12\/138-300x300.png\" class=\"attachment-medium size-medium\" alt=\"\" srcset=\"https:\/\/perfilmax.com.br\/wp-content\/uploads\/2023\/12\/138-300x300.png 300w, https:\/\/perfilmax.com.br\/wp-content\/uploads\/2023\/12\/138-1024x1024.png 1024w, https:\/\/perfilmax.com.br\/wp-content\/uploads\/2023\/12\/138-150x150.png 150w, https:\/\/perfilmax.com.br\/wp-content\/uploads\/2023\/12\/138-768x768.png 768w, https:\/\/perfilmax.com.br\/wp-content\/uploads\/2023\/12\/138-1536x1536.png 1536w, https:\/\/perfilmax.com.br\/wp-content\/uploads\/2023\/12\/138-2048x2048.png 2048w\" sizes=\"(max-width: 300px) 100vw, 300px\" \/><\/a>\n\t\t\t<\/div><\/figure><figure class='gallery-item'>\n\t\t\t<div class='gallery-icon landscape'>\n\t\t\t\t<a data-elementor-open-lightbox=\"yes\" data-elementor-lightbox-slideshow=\"b620768\" data-elementor-lightbox-title=\"5(20)\" data-e-action-hash=\"#elementor-action%3Aaction%3Dlightbox%26settings%3DeyJpZCI6MjgyLCJ1cmwiOiJodHRwczpcL1wvcGVyZmlsbWF4LmNvbS5iclwvd3AtY29udGVudFwvdXBsb2Fkc1wvMjAyM1wvMTJcLzUyMC5wbmciLCJzbGlkZXNob3ciOiJiNjIwNzY4In0%3D\" href='https:\/\/perfilmax.com.br\/wp-content\/uploads\/2023\/12\/520.png'><img loading=\"lazy\" decoding=\"async\" width=\"300\" height=\"300\" src=\"https:\/\/perfilmax.com.br\/wp-content\/uploads\/2023\/12\/520-300x300.png\" class=\"attachment-medium size-medium\" alt=\"\" srcset=\"https:\/\/perfilmax.com.br\/wp-content\/uploads\/2023\/12\/520-300x300.png 300w, https:\/\/perfilmax.com.br\/wp-content\/uploads\/2023\/12\/520-1024x1024.png 1024w, https:\/\/perfilmax.com.br\/wp-content\/uploads\/2023\/12\/520-150x150.png 150w, https:\/\/perfilmax.com.br\/wp-content\/uploads\/2023\/12\/520-768x768.png 768w, https:\/\/perfilmax.com.br\/wp-content\/uploads\/2023\/12\/520-1536x1536.png 1536w, https:\/\/perfilmax.com.br\/wp-content\/uploads\/2023\/12\/520-2048x2048.png 2048w\" sizes=\"(max-width: 300px) 100vw, 300px\" \/><\/a>\n\t\t\t<\/div><\/figure><figure class='gallery-item'>\n\t\t\t<div class='gallery-icon landscape'>\n\t\t\t\t<a data-elementor-open-lightbox=\"yes\" data-elementor-lightbox-slideshow=\"b620768\" data-elementor-lightbox-title=\"4(29)\" data-e-action-hash=\"#elementor-action%3Aaction%3Dlightbox%26settings%3DeyJpZCI6MjgxLCJ1cmwiOiJodHRwczpcL1wvcGVyZmlsbWF4LmNvbS5iclwvd3AtY29udGVudFwvdXBsb2Fkc1wvMjAyM1wvMTJcLzQyOS5wbmciLCJzbGlkZXNob3ciOiJiNjIwNzY4In0%3D\" href='https:\/\/perfilmax.com.br\/wp-content\/uploads\/2023\/12\/429.png'><img loading=\"lazy\" decoding=\"async\" width=\"300\" height=\"300\" src=\"https:\/\/perfilmax.com.br\/wp-content\/uploads\/2023\/12\/429-300x300.png\" class=\"attachment-medium size-medium\" alt=\"\" srcset=\"https:\/\/perfilmax.com.br\/wp-content\/uploads\/2023\/12\/429-300x300.png 300w, https:\/\/perfilmax.com.br\/wp-content\/uploads\/2023\/12\/429-1024x1024.png 1024w, https:\/\/perfilmax.com.br\/wp-content\/uploads\/2023\/12\/429-150x150.png 150w, https:\/\/perfilmax.com.br\/wp-content\/uploads\/2023\/12\/429-768x768.png 768w, https:\/\/perfilmax.com.br\/wp-content\/uploads\/2023\/12\/429-1536x1536.png 1536w, https:\/\/perfilmax.com.br\/wp-content\/uploads\/2023\/12\/429-2048x2048.png 2048w\" sizes=\"(max-width: 300px) 100vw, 300px\" \/><\/a>\n\t\t\t<\/div><\/figure><figure class='gallery-item'>\n\t\t\t<div class='gallery-icon landscape'>\n\t\t\t\t<a data-elementor-open-lightbox=\"yes\" data-elementor-lightbox-slideshow=\"b620768\" data-elementor-lightbox-title=\"3(42)\" data-e-action-hash=\"#elementor-action%3Aaction%3Dlightbox%26settings%3DeyJpZCI6MjgwLCJ1cmwiOiJodHRwczpcL1wvcGVyZmlsbWF4LmNvbS5iclwvd3AtY29udGVudFwvdXBsb2Fkc1wvMjAyM1wvMTJcLzM0Mi5wbmciLCJzbGlkZXNob3ciOiJiNjIwNzY4In0%3D\" href='https:\/\/perfilmax.com.br\/wp-content\/uploads\/2023\/12\/342.png'><img loading=\"lazy\" decoding=\"async\" width=\"300\" height=\"300\" src=\"https:\/\/perfilmax.com.br\/wp-content\/uploads\/2023\/12\/342-300x300.png\" class=\"attachment-medium size-medium\" alt=\"\" srcset=\"https:\/\/perfilmax.com.br\/wp-content\/uploads\/2023\/12\/342-300x300.png 300w, https:\/\/perfilmax.com.br\/wp-content\/uploads\/2023\/12\/342-1024x1024.png 1024w, https:\/\/perfilmax.com.br\/wp-content\/uploads\/2023\/12\/342-150x150.png 150w, https:\/\/perfilmax.com.br\/wp-content\/uploads\/2023\/12\/342-768x768.png 768w, https:\/\/perfilmax.com.br\/wp-content\/uploads\/2023\/12\/342-1536x1536.png 1536w, https:\/\/perfilmax.com.br\/wp-content\/uploads\/2023\/12\/342-2048x2048.png 2048w\" sizes=\"(max-width: 300px) 100vw, 300px\" \/><\/a>\n\t\t\t<\/div><\/figure>\n\t\t<\/div>\n\t\t<\/div>\n\t\t\t\t<\/div>\n\t\t\t\t<\/div>\n\t\t\t\t<div class=\"elementor-element elementor-element-1f04b95 elementor-widget elementor-widget-spacer\" data-id=\"1f04b95\" data-element_type=\"widget\" data-widget_type=\"spacer.default\">\n\t\t\t\t<div class=\"elementor-widget-container\">\n\t\t\t\t\t<div class=\"elementor-spacer\">\n\t\t\t<div class=\"elementor-spacer-inner\"><\/div>\n\t\t<\/div>\n\t\t\t\t<\/div>\n\t\t\t\t<\/div>\n\t\t\t\t\t<\/div>\n\t\t<\/div>\n\t\t\t\t\t\t\t<\/div>\n\t\t<\/section>\n\t\t\t\t<section class=\"elementor-section elementor-top-section elementor-element elementor-element-a821038 elementor-section-boxed elementor-section-height-default elementor-section-height-default\" data-id=\"a821038\" data-element_type=\"section\" data-settings=\"{&quot;background_background&quot;:&quot;classic&quot;}\">\n\t\t\t\t\t\t<div class=\"elementor-container elementor-column-gap-default\">\n\t\t\t\t\t<div class=\"elementor-column elementor-col-100 elementor-top-column elementor-element elementor-element-aebae35\" data-id=\"aebae35\" data-element_type=\"column\">\n\t\t\t<div class=\"elementor-widget-wrap elementor-element-populated\">\n\t\t\t\t\t\t\t\t<div class=\"elementor-element elementor-element-a10f7f5 elementor-widget elementor-widget-heading\" data-id=\"a10f7f5\" data-element_type=\"widget\" data-widget_type=\"heading.default\">\n\t\t\t\t<div class=\"elementor-widget-container\">\n\t\t\t<h2 class=\"elementor-heading-title elementor-size-default\"><br><br>Fa\u00e7a o download do<br>nosso cat\u00e1logo de cores.<br><br><\/h2>\t\t<\/div>\n\t\t\t\t<\/div>\n\t\t\t\t<div class=\"elementor-element elementor-element-f5b1fea elementor-align-center elementor-widget elementor-widget-button\" data-id=\"f5b1fea\" data-element_type=\"widget\" data-widget_type=\"button.default\">\n\t\t\t\t<div class=\"elementor-widget-container\">\n\t\t\t\t\t<div class=\"elementor-button-wrapper\">\n\t\t\t<a class=\"elementor-button elementor-button-link elementor-size-sm\" href=\"#\">\n\t\t\t\t\t\t<span class=\"elementor-button-content-wrapper\">\n\t\t\t\t\t\t<span class=\"elementor-button-text\">Clique aqui<\/span>\n\t\t<\/span>\n\t\t\t\t\t<\/a>\n\t\t<\/div>\n\t\t\t\t<\/div>\n\t\t\t\t<\/div>\n\t\t\t\t<div class=\"elementor-element elementor-element-1372143 elementor-widget elementor-widget-spacer\" data-id=\"1372143\" data-element_type=\"widget\" data-widget_type=\"spacer.default\">\n\t\t\t\t<div class=\"elementor-widget-container\">\n\t\t\t\t\t<div class=\"elementor-spacer\">\n\t\t\t<div class=\"elementor-spacer-inner\"><\/div>\n\t\t<\/div>\n\t\t\t\t<\/div>\n\t\t\t\t<\/div>\n\t\t\t\t\t<\/div>\n\t\t<\/div>\n\t\t\t\t\t\t\t<\/div>\n\t\t<\/section>\n\t\t\t\t<section class=\"elementor-section elementor-top-section elementor-element elementor-element-4f806fb elementor-section-boxed elementor-section-height-default elementor-section-height-default\" data-id=\"4f806fb\" data-element_type=\"section\" data-settings=\"{&quot;background_background&quot;:&quot;classic&quot;}\">\n\t\t\t\t\t\t<div class=\"elementor-container elementor-column-gap-default\">\n\t\t\t\t\t<div class=\"elementor-column elementor-col-100 elementor-top-column elementor-element elementor-element-a8d2805\" data-id=\"a8d2805\" data-element_type=\"column\">\n\t\t\t<div class=\"elementor-widget-wrap elementor-element-populated\">\n\t\t\t\t\t\t\t\t<div class=\"elementor-element elementor-element-2390074 elementor-widget elementor-widget-spacer\" data-id=\"2390074\" data-element_type=\"widget\" data-widget_type=\"spacer.default\">\n\t\t\t\t<div class=\"elementor-widget-container\">\n\t\t\t\t\t<div class=\"elementor-spacer\">\n\t\t\t<div class=\"elementor-spacer-inner\"><\/div>\n\t\t<\/div>\n\t\t\t\t<\/div>\n\t\t\t\t<\/div>\n\t\t\t\t\t<\/div>\n\t\t<\/div>\n\t\t\t\t\t\t\t<\/div>\n\t\t<\/section>\n\t\t\t\t\t\t\t<\/div>\n\t\t","protected":false},"excerpt":{"rendered":"<p>VIDROS LAQUEADOS Os vidros laqueados s\u00e3o aqueles que recebemuma camada de tinta, desde cores maisb\u00e1sicas, at\u00e9 as mais coloridas. Escolha a cor que combinacom o seu projeto. Fa\u00e7a o download donosso cat\u00e1logo de cores. Clique aqui<\/p>\n","protected":false},"author":1,"featured_media":0,"parent":0,"menu_order":0,"comment_status":"closed","ping_status":"closed","template":"","meta":{"_monsterinsights_skip_tracking":false,"_monsterinsights_sitenote_active":false,"_monsterinsights_sitenote_note":"","_monsterinsights_sitenote_category":0,"footnotes":""},"jetpack_sharing_enabled":true,"_links":{"self":[{"href":"https:\/\/perfilmax.com.br\/index.php?rest_route=\/wp\/v2\/pages\/272"}],"collection":[{"href":"https:\/\/perfilmax.com.br\/index.php?rest_route=\/wp\/v2\/pages"}],"about":[{"href":"https:\/\/perfilmax.com.br\/index.php?rest_route=\/wp\/v2\/types\/page"}],"author":[{"embeddable":true,"href":"https:\/\/perfilmax.com.br\/index.php?rest_route=\/wp\/v2\/users\/1"}],"replies":[{"embeddable":true,"href":"https:\/\/perfilmax.com.br\/index.php?rest_route=%2Fwp%2Fv2%2Fcomments&post=272"}],"version-history":[{"count":25,"href":"https:\/\/perfilmax.com.br\/index.php?rest_route=\/wp\/v2\/pages\/272\/revisions"}],"predecessor-version":[{"id":312,"href":"https:\/\/perfilmax.com.br\/index.php?rest_route=\/wp\/v2\/pages\/272\/revisions\/312"}],"wp:attachment":[{"href":"https:\/\/perfilmax.com.br\/index.php?rest_route=%2Fwp%2Fv2%2Fmedia&parent=272"}],"curies":[{"name":"wp","href":"https:\/\/api.w.org\/{rel}","templated":true}]}}