{"id":331,"date":"2023-12-21T20:09:34","date_gmt":"2023-12-21T23:09:34","guid":{"rendered":"https:\/\/perfilmax.com.br\/?page_id=331"},"modified":"2023-12-21T20:21:55","modified_gmt":"2023-12-21T23:21:55","slug":"painel-movie","status":"publish","type":"page","link":"https:\/\/perfilmax.com.br\/?page_id=331","title":{"rendered":"Painel Movie"},"content":{"rendered":"\t\t<div data-elementor-type=\"wp-page\" data-elementor-id=\"331\" class=\"elementor elementor-331\">\n\t\t\t\t\t\t\t\t\t<section class=\"elementor-section elementor-top-section elementor-element elementor-element-e74de69 elementor-section-boxed elementor-section-height-default elementor-section-height-default\" data-id=\"e74de69\" data-element_type=\"section\">\n\t\t\t\t\t\t<div class=\"elementor-container elementor-column-gap-default\">\n\t\t\t\t\t<div class=\"elementor-column elementor-col-100 elementor-top-column elementor-element elementor-element-4f24123\" data-id=\"4f24123\" data-element_type=\"column\">\n\t\t\t<div class=\"elementor-widget-wrap\">\n\t\t\t\t\t\t\t\t\t<\/div>\n\t\t<\/div>\n\t\t\t\t\t\t\t<\/div>\n\t\t<\/section>\n\t\t\t\t<section class=\"elementor-section elementor-top-section elementor-element elementor-element-d712961 elementor-section-boxed elementor-section-height-default elementor-section-height-default\" data-id=\"d712961\" data-element_type=\"section\" data-settings=\"{&quot;background_background&quot;:&quot;classic&quot;}\">\n\t\t\t\t\t\t<div class=\"elementor-container elementor-column-gap-default\">\n\t\t\t\t\t<div class=\"elementor-column elementor-col-100 elementor-top-column elementor-element elementor-element-84a14ab\" data-id=\"84a14ab\" data-element_type=\"column\">\n\t\t\t<div class=\"elementor-widget-wrap elementor-element-populated\">\n\t\t\t\t\t\t\t\t<div class=\"elementor-element elementor-element-98bfab9 elementor-widget elementor-widget-heading\" data-id=\"98bfab9\" data-element_type=\"widget\" data-widget_type=\"heading.default\">\n\t\t\t\t<div class=\"elementor-widget-container\">\n\t\t\t<style>\/*! elementor - v3.18.0 - 20-12-2023 *\/\n.elementor-heading-title{padding:0;margin:0;line-height:1}.elementor-widget-heading .elementor-heading-title[class*=elementor-size-]>a{color:inherit;font-size:inherit;line-height:inherit}.elementor-widget-heading .elementor-heading-title.elementor-size-small{font-size:15px}.elementor-widget-heading .elementor-heading-title.elementor-size-medium{font-size:19px}.elementor-widget-heading .elementor-heading-title.elementor-size-large{font-size:29px}.elementor-widget-heading .elementor-heading-title.elementor-size-xl{font-size:39px}.elementor-widget-heading .elementor-heading-title.elementor-size-xxl{font-size:59px}<\/style><h2 class=\"elementor-heading-title elementor-size-default\"><b>PAINEL <\/b>MOVIE<\/h2>\t\t<\/div>\n\t\t\t\t<\/div>\n\t\t\t\t<div class=\"elementor-element elementor-element-5911148 elementor-widget elementor-widget-spacer\" data-id=\"5911148\" data-element_type=\"widget\" data-widget_type=\"spacer.default\">\n\t\t\t\t<div class=\"elementor-widget-container\">\n\t\t\t<style>\/*! elementor - v3.18.0 - 20-12-2023 *\/\n.elementor-column .elementor-spacer-inner{height:var(--spacer-size)}.e-con{--container-widget-width:100%}.e-con-inner>.elementor-widget-spacer,.e-con>.elementor-widget-spacer{width:var(--container-widget-width,var(--spacer-size));--align-self:var(--container-widget-align-self,initial);--flex-shrink:0}.e-con-inner>.elementor-widget-spacer>.elementor-widget-container,.e-con>.elementor-widget-spacer>.elementor-widget-container{height:100%;width:100%}.e-con-inner>.elementor-widget-spacer>.elementor-widget-container>.elementor-spacer,.e-con>.elementor-widget-spacer>.elementor-widget-container>.elementor-spacer{height:100%}.e-con-inner>.elementor-widget-spacer>.elementor-widget-container>.elementor-spacer>.elementor-spacer-inner,.e-con>.elementor-widget-spacer>.elementor-widget-container>.elementor-spacer>.elementor-spacer-inner{height:var(--container-widget-height,var(--spacer-size))}.e-con-inner>.elementor-widget-spacer.elementor-widget-empty,.e-con>.elementor-widget-spacer.elementor-widget-empty{position:relative;min-height:22px;min-width:22px}.e-con-inner>.elementor-widget-spacer.elementor-widget-empty .elementor-widget-empty-icon,.e-con>.elementor-widget-spacer.elementor-widget-empty .elementor-widget-empty-icon{position:absolute;top:0;bottom:0;left:0;right:0;margin:auto;padding:0;width:22px;height:22px}<\/style>\t\t<div class=\"elementor-spacer\">\n\t\t\t<div class=\"elementor-spacer-inner\"><\/div>\n\t\t<\/div>\n\t\t\t\t<\/div>\n\t\t\t\t<\/div>\n\t\t\t\t\t<\/div>\n\t\t<\/div>\n\t\t\t\t\t\t\t<\/div>\n\t\t<\/section>\n\t\t\t\t<section class=\"elementor-section elementor-top-section elementor-element elementor-element-6469ef4 elementor-section-boxed elementor-section-height-default elementor-section-height-default\" data-id=\"6469ef4\" data-element_type=\"section\">\n\t\t\t\t\t\t<div class=\"elementor-container elementor-column-gap-default\">\n\t\t\t\t\t<div class=\"elementor-column elementor-col-100 elementor-top-column elementor-element elementor-element-68f84aa\" data-id=\"68f84aa\" data-element_type=\"column\">\n\t\t\t<div class=\"elementor-widget-wrap\">\n\t\t\t\t\t\t\t\t\t<\/div>\n\t\t<\/div>\n\t\t\t\t\t\t\t<\/div>\n\t\t<\/section>\n\t\t\t\t<section class=\"elementor-section elementor-top-section elementor-element elementor-element-24946d0 elementor-section-boxed elementor-section-height-default elementor-section-height-default\" data-id=\"24946d0\" data-element_type=\"section\">\n\t\t\t\t\t\t<div class=\"elementor-container elementor-column-gap-default\">\n\t\t\t\t\t<div class=\"elementor-column elementor-col-100 elementor-top-column elementor-element elementor-element-9721631\" data-id=\"9721631\" data-element_type=\"column\">\n\t\t\t<div class=\"elementor-widget-wrap elementor-element-populated\">\n\t\t\t\t\t\t\t\t<div class=\"elementor-element elementor-element-6f8867b elementor-widget elementor-widget-heading\" data-id=\"6f8867b\" data-element_type=\"widget\" data-widget_type=\"heading.default\">\n\t\t\t\t<div class=\"elementor-widget-container\">\n\t\t\t<h2 class=\"elementor-heading-title elementor-size-default\"><br><br>\u00c9 um painel de vidro ou espelho montado<br>na parede ou m\u00f3vel, onde ocultamos a TV<br>e outros aparelhos eletr\u00f4nicos, trazendo<br>funcionalidade e beleza ao ambiente.<br><br><b>Escolha a melhor op\u00e7\u00e3o<br>pro seu ambiente.<\/b><\/h2>\t\t<\/div>\n\t\t\t\t<\/div>\n\t\t\t\t\t<\/div>\n\t\t<\/div>\n\t\t\t\t\t\t\t<\/div>\n\t\t<\/section>\n\t\t\t\t<section class=\"elementor-section elementor-top-section elementor-element elementor-element-5b67420 elementor-section-boxed elementor-section-height-default elementor-section-height-default\" data-id=\"5b67420\" data-element_type=\"section\">\n\t\t\t\t\t\t<div class=\"elementor-container elementor-column-gap-default\">\n\t\t\t\t\t<div class=\"elementor-column elementor-col-100 elementor-top-column elementor-element elementor-element-e068d31\" data-id=\"e068d31\" data-element_type=\"column\">\n\t\t\t<div class=\"elementor-widget-wrap\">\n\t\t\t\t\t\t\t\t\t<\/div>\n\t\t<\/div>\n\t\t\t\t\t\t\t<\/div>\n\t\t<\/section>\n\t\t\t\t<section class=\"elementor-section elementor-top-section elementor-element elementor-element-4686872 elementor-section-boxed elementor-section-height-default elementor-section-height-default\" data-id=\"4686872\" data-element_type=\"section\">\n\t\t\t\t\t\t<div class=\"elementor-container elementor-column-gap-default\">\n\t\t\t\t\t<div class=\"elementor-column elementor-col-100 elementor-top-column elementor-element elementor-element-1ed43c6\" data-id=\"1ed43c6\" data-element_type=\"column\">\n\t\t\t<div class=\"elementor-widget-wrap elementor-element-populated\">\n\t\t\t\t\t\t\t\t<div class=\"elementor-element elementor-element-d66c1b1 elementor-widget elementor-widget-image\" data-id=\"d66c1b1\" data-element_type=\"widget\" data-widget_type=\"image.default\">\n\t\t\t\t<div class=\"elementor-widget-container\">\n\t\t\t<style>\/*! elementor - v3.18.0 - 20-12-2023 *\/\n.elementor-widget-image{text-align:center}.elementor-widget-image a{display:inline-block}.elementor-widget-image a img[src$=\".svg\"]{width:48px}.elementor-widget-image img{vertical-align:middle;display:inline-block}<\/style>\t\t\t\t\t\t\t\t\t\t\t\t<img decoding=\"async\" width=\"150\" height=\"150\" src=\"https:\/\/perfilmax.com.br\/wp-content\/uploads\/2023\/12\/Design-sem-nome-2023-12-21T195520.683-150x150.png\" class=\"attachment-thumbnail size-thumbnail wp-image-300\" alt=\"\" srcset=\"https:\/\/perfilmax.com.br\/wp-content\/uploads\/2023\/12\/Design-sem-nome-2023-12-21T195520.683-150x150.png 150w, https:\/\/perfilmax.com.br\/wp-content\/uploads\/2023\/12\/Design-sem-nome-2023-12-21T195520.683-300x300.png 300w, https:\/\/perfilmax.com.br\/wp-content\/uploads\/2023\/12\/Design-sem-nome-2023-12-21T195520.683-1024x1024.png 1024w, https:\/\/perfilmax.com.br\/wp-content\/uploads\/2023\/12\/Design-sem-nome-2023-12-21T195520.683-768x768.png 768w, https:\/\/perfilmax.com.br\/wp-content\/uploads\/2023\/12\/Design-sem-nome-2023-12-21T195520.683-1536x1536.png 1536w, https:\/\/perfilmax.com.br\/wp-content\/uploads\/2023\/12\/Design-sem-nome-2023-12-21T195520.683-2048x2048.png 2048w\" sizes=\"(max-width: 150px) 100vw, 150px\" \/>\t\t\t\t\t\t\t\t\t\t\t\t\t\t\t<\/div>\n\t\t\t\t<\/div>\n\t\t\t\t\t<\/div>\n\t\t<\/div>\n\t\t\t\t\t\t\t<\/div>\n\t\t<\/section>\n\t\t\t\t<section class=\"elementor-section elementor-top-section elementor-element elementor-element-5c18432 elementor-section-boxed elementor-section-height-default elementor-section-height-default\" data-id=\"5c18432\" data-element_type=\"section\">\n\t\t\t\t\t\t<div class=\"elementor-container elementor-column-gap-default\">\n\t\t\t\t\t<div class=\"elementor-column elementor-col-100 elementor-top-column elementor-element elementor-element-1477df3\" data-id=\"1477df3\" data-element_type=\"column\">\n\t\t\t<div class=\"elementor-widget-wrap\">\n\t\t\t\t\t\t\t\t\t<\/div>\n\t\t<\/div>\n\t\t\t\t\t\t\t<\/div>\n\t\t<\/section>\n\t\t\t\t<section class=\"elementor-section elementor-top-section elementor-element elementor-element-a380d7c elementor-section-boxed elementor-section-height-default elementor-section-height-default\" data-id=\"a380d7c\" data-element_type=\"section\">\n\t\t\t\t\t\t<div class=\"elementor-container elementor-column-gap-default\">\n\t\t\t\t\t<div class=\"elementor-column elementor-col-100 elementor-top-column elementor-element elementor-element-9381604\" data-id=\"9381604\" data-element_type=\"column\">\n\t\t\t<div class=\"elementor-widget-wrap elementor-element-populated\">\n\t\t\t\t\t\t\t\t<div class=\"elementor-element elementor-element-48d03af gallery-spacing-custom elementor-widget elementor-widget-image-gallery\" data-id=\"48d03af\" data-element_type=\"widget\" data-widget_type=\"image-gallery.default\">\n\t\t\t\t<div class=\"elementor-widget-container\">\n\t\t\t<style>\/*! elementor - v3.18.0 - 20-12-2023 *\/\n.elementor-image-gallery .gallery-item{display:inline-block;text-align:center;vertical-align:top;width:100%;max-width:100%;margin:0 auto}.elementor-image-gallery .gallery-item img{margin:0 auto}.elementor-image-gallery .gallery-item .gallery-caption{margin:0}.elementor-image-gallery figure img{display:block}.elementor-image-gallery figure figcaption{width:100%}.gallery-spacing-custom .elementor-image-gallery .gallery-icon{padding:0}@media (min-width:768px){.elementor-image-gallery .gallery-columns-2 .gallery-item{max-width:50%}.elementor-image-gallery .gallery-columns-3 .gallery-item{max-width:33.33%}.elementor-image-gallery .gallery-columns-4 .gallery-item{max-width:25%}.elementor-image-gallery .gallery-columns-5 .gallery-item{max-width:20%}.elementor-image-gallery .gallery-columns-6 .gallery-item{max-width:16.666%}.elementor-image-gallery .gallery-columns-7 .gallery-item{max-width:14.28%}.elementor-image-gallery .gallery-columns-8 .gallery-item{max-width:12.5%}.elementor-image-gallery .gallery-columns-9 .gallery-item{max-width:11.11%}.elementor-image-gallery .gallery-columns-10 .gallery-item{max-width:10%}}@media (min-width:480px) and (max-width:767px){.elementor-image-gallery .gallery.gallery-columns-2 .gallery-item,.elementor-image-gallery .gallery.gallery-columns-3 .gallery-item,.elementor-image-gallery .gallery.gallery-columns-4 .gallery-item,.elementor-image-gallery .gallery.gallery-columns-5 .gallery-item,.elementor-image-gallery .gallery.gallery-columns-6 .gallery-item,.elementor-image-gallery .gallery.gallery-columns-7 .gallery-item,.elementor-image-gallery .gallery.gallery-columns-8 .gallery-item,.elementor-image-gallery .gallery.gallery-columns-9 .gallery-item,.elementor-image-gallery .gallery.gallery-columns-10 .gallery-item{max-width:50%}}@media (max-width:479px){.elementor-image-gallery .gallery.gallery-columns-2 .gallery-item,.elementor-image-gallery .gallery.gallery-columns-3 .gallery-item,.elementor-image-gallery .gallery.gallery-columns-4 .gallery-item,.elementor-image-gallery .gallery.gallery-columns-5 .gallery-item,.elementor-image-gallery .gallery.gallery-columns-6 .gallery-item,.elementor-image-gallery .gallery.gallery-columns-7 .gallery-item,.elementor-image-gallery .gallery.gallery-columns-8 .gallery-item,.elementor-image-gallery .gallery.gallery-columns-9 .gallery-item,.elementor-image-gallery .gallery.gallery-columns-10 .gallery-item{max-width:100%}}<\/style>\t\t<div class=\"elementor-image-gallery\">\n\t\t\t<div id='gallery-1' class='gallery galleryid-331 gallery-columns-3 gallery-size-medium'><figure class='gallery-item'>\n\t\t\t<div class='gallery-icon landscape'>\n\t\t\t\t<a data-elementor-open-lightbox=\"yes\" data-elementor-lightbox-slideshow=\"48d03af\" data-elementor-lightbox-title=\"4(30)\" data-e-action-hash=\"#elementor-action%3Aaction%3Dlightbox%26settings%3DeyJpZCI6MzM3LCJ1cmwiOiJodHRwczpcL1wvcGVyZmlsbWF4LmNvbS5iclwvd3AtY29udGVudFwvdXBsb2Fkc1wvMjAyM1wvMTJcLzQzMC5wbmciLCJzbGlkZXNob3ciOiI0OGQwM2FmIn0%3D\" href='https:\/\/perfilmax.com.br\/wp-content\/uploads\/2023\/12\/430.png'><img fetchpriority=\"high\" decoding=\"async\" width=\"300\" height=\"300\" src=\"https:\/\/perfilmax.com.br\/wp-content\/uploads\/2023\/12\/430-300x300.png\" class=\"attachment-medium size-medium\" alt=\"\" srcset=\"https:\/\/perfilmax.com.br\/wp-content\/uploads\/2023\/12\/430-300x300.png 300w, https:\/\/perfilmax.com.br\/wp-content\/uploads\/2023\/12\/430-1024x1024.png 1024w, https:\/\/perfilmax.com.br\/wp-content\/uploads\/2023\/12\/430-150x150.png 150w, https:\/\/perfilmax.com.br\/wp-content\/uploads\/2023\/12\/430-768x768.png 768w, https:\/\/perfilmax.com.br\/wp-content\/uploads\/2023\/12\/430-1536x1536.png 1536w, https:\/\/perfilmax.com.br\/wp-content\/uploads\/2023\/12\/430-2048x2048.png 2048w\" sizes=\"(max-width: 300px) 100vw, 300px\" \/><\/a>\n\t\t\t<\/div><\/figure><figure class='gallery-item'>\n\t\t\t<div class='gallery-icon landscape'>\n\t\t\t\t<a data-elementor-open-lightbox=\"yes\" data-elementor-lightbox-slideshow=\"48d03af\" data-elementor-lightbox-title=\"5(21)\" data-e-action-hash=\"#elementor-action%3Aaction%3Dlightbox%26settings%3DeyJpZCI6MzM4LCJ1cmwiOiJodHRwczpcL1wvcGVyZmlsbWF4LmNvbS5iclwvd3AtY29udGVudFwvdXBsb2Fkc1wvMjAyM1wvMTJcLzUyMS5wbmciLCJzbGlkZXNob3ciOiI0OGQwM2FmIn0%3D\" href='https:\/\/perfilmax.com.br\/wp-content\/uploads\/2023\/12\/521.png'><img decoding=\"async\" width=\"300\" height=\"300\" src=\"https:\/\/perfilmax.com.br\/wp-content\/uploads\/2023\/12\/521-300x300.png\" class=\"attachment-medium size-medium\" alt=\"\" srcset=\"https:\/\/perfilmax.com.br\/wp-content\/uploads\/2023\/12\/521-300x300.png 300w, https:\/\/perfilmax.com.br\/wp-content\/uploads\/2023\/12\/521-1024x1024.png 1024w, https:\/\/perfilmax.com.br\/wp-content\/uploads\/2023\/12\/521-150x150.png 150w, https:\/\/perfilmax.com.br\/wp-content\/uploads\/2023\/12\/521-768x768.png 768w, https:\/\/perfilmax.com.br\/wp-content\/uploads\/2023\/12\/521-1536x1536.png 1536w, https:\/\/perfilmax.com.br\/wp-content\/uploads\/2023\/12\/521-2048x2048.png 2048w\" sizes=\"(max-width: 300px) 100vw, 300px\" \/><\/a>\n\t\t\t<\/div><\/figure><figure class='gallery-item'>\n\t\t\t<div class='gallery-icon landscape'>\n\t\t\t\t<a data-elementor-open-lightbox=\"yes\" data-elementor-lightbox-slideshow=\"48d03af\" data-elementor-lightbox-title=\"6(19)\" data-e-action-hash=\"#elementor-action%3Aaction%3Dlightbox%26settings%3DeyJpZCI6MzM5LCJ1cmwiOiJodHRwczpcL1wvcGVyZmlsbWF4LmNvbS5iclwvd3AtY29udGVudFwvdXBsb2Fkc1wvMjAyM1wvMTJcLzYxOS5wbmciLCJzbGlkZXNob3ciOiI0OGQwM2FmIn0%3D\" href='https:\/\/perfilmax.com.br\/wp-content\/uploads\/2023\/12\/619.png'><img loading=\"lazy\" decoding=\"async\" width=\"300\" height=\"300\" src=\"https:\/\/perfilmax.com.br\/wp-content\/uploads\/2023\/12\/619-300x300.png\" class=\"attachment-medium size-medium\" alt=\"\" srcset=\"https:\/\/perfilmax.com.br\/wp-content\/uploads\/2023\/12\/619-300x300.png 300w, https:\/\/perfilmax.com.br\/wp-content\/uploads\/2023\/12\/619-1024x1024.png 1024w, https:\/\/perfilmax.com.br\/wp-content\/uploads\/2023\/12\/619-150x150.png 150w, https:\/\/perfilmax.com.br\/wp-content\/uploads\/2023\/12\/619-768x768.png 768w, https:\/\/perfilmax.com.br\/wp-content\/uploads\/2023\/12\/619-1536x1536.png 1536w, https:\/\/perfilmax.com.br\/wp-content\/uploads\/2023\/12\/619-2048x2048.png 2048w\" sizes=\"(max-width: 300px) 100vw, 300px\" \/><\/a>\n\t\t\t<\/div><\/figure><figure class='gallery-item'>\n\t\t\t<div class='gallery-icon landscape'>\n\t\t\t\t<a data-elementor-open-lightbox=\"yes\" data-elementor-lightbox-slideshow=\"48d03af\" data-elementor-lightbox-title=\"1(39)\" data-e-action-hash=\"#elementor-action%3Aaction%3Dlightbox%26settings%3DeyJpZCI6MzQwLCJ1cmwiOiJodHRwczpcL1wvcGVyZmlsbWF4LmNvbS5iclwvd3AtY29udGVudFwvdXBsb2Fkc1wvMjAyM1wvMTJcLzEzOS5wbmciLCJzbGlkZXNob3ciOiI0OGQwM2FmIn0%3D\" href='https:\/\/perfilmax.com.br\/wp-content\/uploads\/2023\/12\/139.png'><img loading=\"lazy\" decoding=\"async\" width=\"300\" height=\"300\" src=\"https:\/\/perfilmax.com.br\/wp-content\/uploads\/2023\/12\/139-300x300.png\" class=\"attachment-medium size-medium\" alt=\"\" srcset=\"https:\/\/perfilmax.com.br\/wp-content\/uploads\/2023\/12\/139-300x300.png 300w, https:\/\/perfilmax.com.br\/wp-content\/uploads\/2023\/12\/139-1024x1024.png 1024w, https:\/\/perfilmax.com.br\/wp-content\/uploads\/2023\/12\/139-150x150.png 150w, https:\/\/perfilmax.com.br\/wp-content\/uploads\/2023\/12\/139-768x768.png 768w, https:\/\/perfilmax.com.br\/wp-content\/uploads\/2023\/12\/139-1536x1536.png 1536w, https:\/\/perfilmax.com.br\/wp-content\/uploads\/2023\/12\/139-2048x2048.png 2048w\" sizes=\"(max-width: 300px) 100vw, 300px\" \/><\/a>\n\t\t\t<\/div><\/figure><figure class='gallery-item'>\n\t\t\t<div class='gallery-icon landscape'>\n\t\t\t\t<a data-elementor-open-lightbox=\"yes\" data-elementor-lightbox-slideshow=\"48d03af\" data-elementor-lightbox-title=\"2(45)\" data-e-action-hash=\"#elementor-action%3Aaction%3Dlightbox%26settings%3DeyJpZCI6MzQxLCJ1cmwiOiJodHRwczpcL1wvcGVyZmlsbWF4LmNvbS5iclwvd3AtY29udGVudFwvdXBsb2Fkc1wvMjAyM1wvMTJcLzI0NS5wbmciLCJzbGlkZXNob3ciOiI0OGQwM2FmIn0%3D\" href='https:\/\/perfilmax.com.br\/wp-content\/uploads\/2023\/12\/245.png'><img loading=\"lazy\" decoding=\"async\" width=\"300\" height=\"300\" src=\"https:\/\/perfilmax.com.br\/wp-content\/uploads\/2023\/12\/245-300x300.png\" class=\"attachment-medium size-medium\" alt=\"\" srcset=\"https:\/\/perfilmax.com.br\/wp-content\/uploads\/2023\/12\/245-300x300.png 300w, https:\/\/perfilmax.com.br\/wp-content\/uploads\/2023\/12\/245-1024x1024.png 1024w, https:\/\/perfilmax.com.br\/wp-content\/uploads\/2023\/12\/245-150x150.png 150w, https:\/\/perfilmax.com.br\/wp-content\/uploads\/2023\/12\/245-768x768.png 768w, https:\/\/perfilmax.com.br\/wp-content\/uploads\/2023\/12\/245-1536x1536.png 1536w, https:\/\/perfilmax.com.br\/wp-content\/uploads\/2023\/12\/245-2048x2048.png 2048w\" sizes=\"(max-width: 300px) 100vw, 300px\" \/><\/a>\n\t\t\t<\/div><\/figure><figure class='gallery-item'>\n\t\t\t<div class='gallery-icon landscape'>\n\t\t\t\t<a data-elementor-open-lightbox=\"yes\" data-elementor-lightbox-slideshow=\"48d03af\" data-elementor-lightbox-title=\"3(43)\" data-e-action-hash=\"#elementor-action%3Aaction%3Dlightbox%26settings%3DeyJpZCI6MzQyLCJ1cmwiOiJodHRwczpcL1wvcGVyZmlsbWF4LmNvbS5iclwvd3AtY29udGVudFwvdXBsb2Fkc1wvMjAyM1wvMTJcLzM0My5wbmciLCJzbGlkZXNob3ciOiI0OGQwM2FmIn0%3D\" href='https:\/\/perfilmax.com.br\/wp-content\/uploads\/2023\/12\/343.png'><img loading=\"lazy\" decoding=\"async\" width=\"300\" height=\"300\" src=\"https:\/\/perfilmax.com.br\/wp-content\/uploads\/2023\/12\/343-300x300.png\" class=\"attachment-medium size-medium\" alt=\"\" srcset=\"https:\/\/perfilmax.com.br\/wp-content\/uploads\/2023\/12\/343-300x300.png 300w, https:\/\/perfilmax.com.br\/wp-content\/uploads\/2023\/12\/343-1024x1024.png 1024w, https:\/\/perfilmax.com.br\/wp-content\/uploads\/2023\/12\/343-150x150.png 150w, https:\/\/perfilmax.com.br\/wp-content\/uploads\/2023\/12\/343-768x768.png 768w, https:\/\/perfilmax.com.br\/wp-content\/uploads\/2023\/12\/343-1536x1536.png 1536w, https:\/\/perfilmax.com.br\/wp-content\/uploads\/2023\/12\/343-2048x2048.png 2048w\" sizes=\"(max-width: 300px) 100vw, 300px\" \/><\/a>\n\t\t\t<\/div><\/figure>\n\t\t<\/div>\n\t\t<\/div>\n\t\t\t\t<\/div>\n\t\t\t\t<\/div>\n\t\t\t\t<div class=\"elementor-element elementor-element-5a0e2f0 elementor-widget elementor-widget-spacer\" data-id=\"5a0e2f0\" data-element_type=\"widget\" data-widget_type=\"spacer.default\">\n\t\t\t\t<div class=\"elementor-widget-container\">\n\t\t\t\t\t<div class=\"elementor-spacer\">\n\t\t\t<div class=\"elementor-spacer-inner\"><\/div>\n\t\t<\/div>\n\t\t\t\t<\/div>\n\t\t\t\t<\/div>\n\t\t\t\t\t<\/div>\n\t\t<\/div>\n\t\t\t\t\t\t\t<\/div>\n\t\t<\/section>\n\t\t\t\t<section class=\"elementor-section elementor-top-section elementor-element elementor-element-62e5e98 elementor-section-boxed elementor-section-height-default elementor-section-height-default\" data-id=\"62e5e98\" data-element_type=\"section\">\n\t\t\t\t\t\t<div class=\"elementor-container elementor-column-gap-default\">\n\t\t\t\t\t<div class=\"elementor-column elementor-col-100 elementor-top-column elementor-element elementor-element-325ec8d\" data-id=\"325ec8d\" data-element_type=\"column\">\n\t\t\t<div class=\"elementor-widget-wrap\">\n\t\t\t\t\t\t\t\t\t<\/div>\n\t\t<\/div>\n\t\t\t\t\t\t\t<\/div>\n\t\t<\/section>\n\t\t\t\t<section class=\"elementor-section elementor-top-section elementor-element elementor-element-489e1fa elementor-section-boxed elementor-section-height-default elementor-section-height-default\" data-id=\"489e1fa\" data-element_type=\"section\" data-settings=\"{&quot;background_background&quot;:&quot;classic&quot;}\">\n\t\t\t\t\t\t<div class=\"elementor-container elementor-column-gap-default\">\n\t\t\t\t\t<div class=\"elementor-column elementor-col-100 elementor-top-column elementor-element elementor-element-357e9e9\" data-id=\"357e9e9\" data-element_type=\"column\">\n\t\t\t<div class=\"elementor-widget-wrap elementor-element-populated\">\n\t\t\t\t\t\t\t\t<div class=\"elementor-element elementor-element-164e8ed elementor-widget elementor-widget-heading\" data-id=\"164e8ed\" data-element_type=\"widget\" data-widget_type=\"heading.default\">\n\t\t\t\t<div class=\"elementor-widget-container\">\n\t\t\t<h2 class=\"elementor-heading-title elementor-size-default\"><br><br>Fale com a gente<br>e fa\u00e7a seu pedido.<br><br><\/h2>\t\t<\/div>\n\t\t\t\t<\/div>\n\t\t\t\t<div class=\"elementor-element elementor-element-919adb6 elementor-align-center elementor-widget elementor-widget-button\" data-id=\"919adb6\" data-element_type=\"widget\" data-widget_type=\"button.default\">\n\t\t\t\t<div class=\"elementor-widget-container\">\n\t\t\t\t\t<div class=\"elementor-button-wrapper\">\n\t\t\t<a class=\"elementor-button elementor-button-link elementor-size-sm\" href=\"#\">\n\t\t\t\t\t\t<span class=\"elementor-button-content-wrapper\">\n\t\t\t\t\t\t<span class=\"elementor-button-text\">Clique aqui<\/span>\n\t\t<\/span>\n\t\t\t\t\t<\/a>\n\t\t<\/div>\n\t\t\t\t<\/div>\n\t\t\t\t<\/div>\n\t\t\t\t<div class=\"elementor-element elementor-element-55b0b9a elementor-widget elementor-widget-spacer\" data-id=\"55b0b9a\" data-element_type=\"widget\" data-widget_type=\"spacer.default\">\n\t\t\t\t<div class=\"elementor-widget-container\">\n\t\t\t\t\t<div class=\"elementor-spacer\">\n\t\t\t<div class=\"elementor-spacer-inner\"><\/div>\n\t\t<\/div>\n\t\t\t\t<\/div>\n\t\t\t\t<\/div>\n\t\t\t\t\t<\/div>\n\t\t<\/div>\n\t\t\t\t\t\t\t<\/div>\n\t\t<\/section>\n\t\t\t\t<section class=\"elementor-section elementor-top-section elementor-element elementor-element-074797c elementor-section-boxed elementor-section-height-default elementor-section-height-default\" data-id=\"074797c\" data-element_type=\"section\">\n\t\t\t\t\t\t<div class=\"elementor-container elementor-column-gap-default\">\n\t\t\t\t\t<div class=\"elementor-column elementor-col-100 elementor-top-column elementor-element elementor-element-8e2efc7\" data-id=\"8e2efc7\" data-element_type=\"column\">\n\t\t\t<div class=\"elementor-widget-wrap\">\n\t\t\t\t\t\t\t\t\t<\/div>\n\t\t<\/div>\n\t\t\t\t\t\t\t<\/div>\n\t\t<\/section>\n\t\t\t\t<section class=\"elementor-section elementor-top-section elementor-element elementor-element-e199c49 elementor-section-boxed elementor-section-height-default elementor-section-height-default\" data-id=\"e199c49\" data-element_type=\"section\">\n\t\t\t\t\t\t<div class=\"elementor-container elementor-column-gap-default\">\n\t\t\t\t\t<div class=\"elementor-column elementor-col-100 elementor-top-column elementor-element elementor-element-0b1eb09\" data-id=\"0b1eb09\" data-element_type=\"column\">\n\t\t\t<div class=\"elementor-widget-wrap elementor-element-populated\">\n\t\t\t\t\t\t\t\t<div class=\"elementor-element elementor-element-53ce677 elementor-widget elementor-widget-spacer\" data-id=\"53ce677\" data-element_type=\"widget\" data-widget_type=\"spacer.default\">\n\t\t\t\t<div class=\"elementor-widget-container\">\n\t\t\t\t\t<div class=\"elementor-spacer\">\n\t\t\t<div class=\"elementor-spacer-inner\"><\/div>\n\t\t<\/div>\n\t\t\t\t<\/div>\n\t\t\t\t<\/div>\n\t\t\t\t\t<\/div>\n\t\t<\/div>\n\t\t\t\t\t\t\t<\/div>\n\t\t<\/section>\n\t\t\t\t\t\t\t<\/div>\n\t\t","protected":false},"excerpt":{"rendered":"<p>PAINEL MOVIE \u00c9 um painel de vidro ou espelho montadona parede ou m\u00f3vel, onde ocultamos a TVe outros aparelhos eletr\u00f4nicos, trazendofuncionalidade e beleza ao ambiente. Escolha a melhor op\u00e7\u00e3opro seu ambiente. Fale com a gentee fa\u00e7a seu pedido. Clique aqui<\/p>\n","protected":false},"author":1,"featured_media":0,"parent":0,"menu_order":0,"comment_status":"closed","ping_status":"closed","template":"","meta":{"_monsterinsights_skip_tracking":false,"_monsterinsights_sitenote_active":false,"_monsterinsights_sitenote_note":"","_monsterinsights_sitenote_category":0,"footnotes":""},"jetpack_sharing_enabled":true,"_links":{"self":[{"href":"https:\/\/perfilmax.com.br\/index.php?rest_route=\/wp\/v2\/pages\/331"}],"collection":[{"href":"https:\/\/perfilmax.com.br\/index.php?rest_route=\/wp\/v2\/pages"}],"about":[{"href":"https:\/\/perfilmax.com.br\/index.php?rest_route=\/wp\/v2\/types\/page"}],"author":[{"embeddable":true,"href":"https:\/\/perfilmax.com.br\/index.php?rest_route=\/wp\/v2\/users\/1"}],"replies":[{"embeddable":true,"href":"https:\/\/perfilmax.com.br\/index.php?rest_route=%2Fwp%2Fv2%2Fcomments&post=331"}],"version-history":[{"count":13,"href":"https:\/\/perfilmax.com.br\/index.php?rest_route=\/wp\/v2\/pages\/331\/revisions"}],"predecessor-version":[{"id":351,"href":"https:\/\/perfilmax.com.br\/index.php?rest_route=\/wp\/v2\/pages\/331\/revisions\/351"}],"wp:attachment":[{"href":"https:\/\/perfilmax.com.br\/index.php?rest_route=%2Fwp%2Fv2%2Fmedia&parent=331"}],"curies":[{"name":"wp","href":"https:\/\/api.w.org\/{rel}","templated":true}]}}